{"id":44,"date":"2020-09-08T07:43:46","date_gmt":"2020-09-08T07:43:46","guid":{"rendered":"https:\/\/urbansvinov.ostrava.cz\/\/?page_id=44"},"modified":"2020-09-23T05:26:11","modified_gmt":"2020-09-23T05:26:11","slug":"od-vesnice-k-mestu","status":"publish","type":"page","link":"https:\/\/urbansvinov.ostrava.cz\/index.php\/od-vesnice-k-mestu\/","title":{"rendered":"Od vesnice k m\u011bstu"},"content":{"rendered":"\n<p>P\u0158EDM\u011aTEM ZPRACOV\u00c1N\u00cd \u00daZEMN\u00cd STUDIE JE N\u00c1VRH DOSTAVBY PLOCH POD\u00c9L ULICE B\u00cdLOVECK\u00c1 M\u011aSTSK\u00c9HO OBVODU OSTRAVA -SVINOV, JE\u017d P\u0158\u00cdMO PROPOJUJE HISTORICKOU \u010c\u00c1ST OBCE OKOLO KOSTELA KRISTA KR\u00c1LE SE SVINOVSK\u00ddM N\u00c1DRA\u017d\u00cdM. JEDN\u00c1 SE O LOKALITU O D\u00c9LCE CCA 1250 M DLOUHOU S DOBROU DOPRAVN\u00cd DOSTUPNOST\u00cd, VYZNA\u010cUJ\u00cdC\u00cd SE BL\u00cdZKOST\u00cd OBJEKT\u016e OB\u010cANSK\u00c9 VYBAVENOSTI (\u0160KOLKA, \u0160KOLA, RADNICE, N\u00c1DRA\u017d\u00cd, POLICIE, OBCHODY, RESTAURACE). VOLN\u00c9 POZEMKY JSOU P\u0158EV\u00c1\u017dN\u011a VE VLASTNICTV\u00cd M\u011aSTA JSOU DLE \u00daZEMN\u00cdHO PL\u00c1NU KRAJINNOU ZELEN\u00cd, OB\u010cANSKOU VYBAVENOST\u00cd NEBO BYDLEN\u00cd V BYTOV\u00ddCH DOMECH. C\u00cdLEM \u00daZEMN\u00cd STUDIE JE NAVRHNOUT DOSTAVBU LOKALITY OBJEKTY PRO BYDLEN\u00cd, P\u0158\u00cdPADN\u011a OB\u010cANSKOU VYBAVENOST, VHODN\u00c9HO M\u011a\u0158\u00cdTKA RESPEKTUJ\u00cdC\u00cd SOLIT\u00c9RN\u00cd A \u0158ADOVOU Z\u00c1STAVBU SVINOVA. UR\u010cIT Z\u00c1KLADN\u00cd PROSTOROV\u00c9 REGULATIVY A PODROBN\u011a VY\u0158E\u0160IT DOPRAVN\u00cd A TECHNICKOU INFRASTRUKTURU. \u00da\u010cELEM DOSTAVBY LOKALITY JE VYTVO\u0158EN\u00cd M\u011aSTOTVORN\u00c9HO PROST\u0158ED\u00cd, ULI\u010cN\u00cd, KOMPAKTN\u00cd Z\u00c1STAVBY, A VYTVO\u0158IT TAK ATRAKTIVN\u00cd OBYTN\u00c9 PROST\u0158ED\u00cd HISTORICK\u00c9HO A N\u00c1V\u0160T\u011aVNICK\u00c9HO J\u00c1DRA OBCEV SOULADU S JEHO P\u016eVODN\u00cdM ZALO\u017dEN\u00cdM, JE\u017d BY P\u0158IL\u00c1KALO NOV\u00c9 OBYVATELE. SNAHOU BY M\u011aLO B\u00ddT JASN\u00c9 VYMEZEN\u00cd VE\u0158EJN\u00c9HO A SOUKROM\u00c9HO PROSTRANSTV\u00cd.<\/p>\n\n\n\n<div class=\"wp-block-file\">Pln\u00e9 zn\u011bn\u00ed ro\u010dn\u00edkov\u00e9 pr\u00e1ce: <a href=\"\/wp-content\/themes\/masonry-child\/files\/Elabor\u00e1t_Urbanismus_\u0160USTROV\u00c1.pdf\" class=\"wp-block-file__button\" download=\"\">Od vesnice k m\u011bstu<\/a><\/div>\n\n\n\n<div class=\"wp-block-file\"><video controls=\"\" src=\"http:\/\/mikrowebsvinov.ovatest.cz\/wp-content\/themes\/masonry-child\/SVINOV_OD_VESNICE_K_M%C4%9ASTU.mp4\">St\u00e1hnout<\/div>\n","protected":false},"excerpt":{"rendered":"<p>P\u0158EDM\u011aTEM ZPRACOV\u00c1N\u00cd \u00daZEMN\u00cd STUDIE JE N\u00c1VRH DOSTAVBY PLOCH POD\u00c9L ULICE<span class=\"more-dots\"><a href=\"https:\/\/urbansvinov.ostrava.cz\/index.php\/od-vesnice-k-mestu\/\">[ &#8230; ]<\/span><\/a><\/p>\n","protected":false},"author":2,"featured_media":45,"parent":0,"menu_order":0,"comment_status":"closed","ping_status":"closed","template":"","meta":{"_acf_changed":false,"footnotes":""},"class_list":["post-44","page","type-page","status-publish","has-post-thumbnail","hentry"],"acf":[],"yoast_head":"<!-- This site is optimized with the Yoast SEO plugin v24.1 - https:\/\/yoast.com\/wordpress\/plugins\/seo\/ -->\n<title>Od vesnice k m\u011bstu - Prezentace prac\u00ed student\u016f V\u0160B<\/title>\n<meta name=\"robots\" content=\"index, follow, max-snippet:-1, max-image-preview:large, max-video-preview:-1\" \/>\n<link rel=\"canonical\" href=\"https:\/\/urbansvinov.ostrava.cz\/index.php\/od-vesnice-k-mestu\/\" \/>\n<meta property=\"og:locale\" content=\"cs_CZ\" \/>\n<meta property=\"og:type\" content=\"article\" \/>\n<meta property=\"og:title\" content=\"Od vesnice k m\u011bstu - Prezentace prac\u00ed student\u016f V\u0160B\" \/>\n<meta property=\"og:description\" content=\"P\u0158EDM\u011aTEM ZPRACOV\u00c1N\u00cd \u00daZEMN\u00cd STUDIE JE N\u00c1VRH DOSTAVBY PLOCH POD\u00c9L ULICE[ ... ]\" \/>\n<meta property=\"og:url\" content=\"https:\/\/urbansvinov.ostrava.cz\/index.php\/od-vesnice-k-mestu\/\" \/>\n<meta property=\"og:site_name\" content=\"Prezentace prac\u00ed student\u016f V\u0160B\" \/>\n<meta property=\"article:modified_time\" content=\"2020-09-23T05:26:11+00:00\" \/>\n<meta property=\"og:image\" content=\"https:\/\/urbansvinov.ostrava.cz\/wp-content\/uploads\/2020\/09\/od-vesnice-k-mestu-1.jpg\" \/>\n\t<meta property=\"og:image:width\" content=\"1554\" \/>\n\t<meta property=\"og:image:height\" content=\"1097\" \/>\n\t<meta property=\"og:image:type\" content=\"image\/jpeg\" \/>\n<meta name=\"twitter:card\" content=\"summary_large_image\" \/>\n<meta name=\"twitter:label1\" content=\"Odhadovan\u00e1 doba \u010dten\u00ed\" \/>\n\t<meta name=\"twitter:data1\" content=\"1 minuta\" \/>\n<script type=\"application\/ld+json\" class=\"yoast-schema-graph\">{\"@context\":\"https:\/\/schema.org\",\"@graph\":[{\"@type\":\"WebPage\",\"@id\":\"https:\/\/urbansvinov.ostrava.cz\/index.php\/od-vesnice-k-mestu\/\",\"url\":\"https:\/\/urbansvinov.ostrava.cz\/index.php\/od-vesnice-k-mestu\/\",\"name\":\"Od vesnice k m\u011bstu - Prezentace prac\u00ed student\u016f V\u0160B\",\"isPartOf\":{\"@id\":\"https:\/\/urbansvinov.ostrava.cz\/#website\"},\"primaryImageOfPage\":{\"@id\":\"https:\/\/urbansvinov.ostrava.cz\/index.php\/od-vesnice-k-mestu\/#primaryimage\"},\"image\":{\"@id\":\"https:\/\/urbansvinov.ostrava.cz\/index.php\/od-vesnice-k-mestu\/#primaryimage\"},\"thumbnailUrl\":\"https:\/\/urbansvinov.ostrava.cz\/wp-content\/uploads\/2020\/09\/od-vesnice-k-mestu-1.jpg\",\"datePublished\":\"2020-09-08T07:43:46+00:00\",\"dateModified\":\"2020-09-23T05:26:11+00:00\",\"breadcrumb\":{\"@id\":\"https:\/\/urbansvinov.ostrava.cz\/index.php\/od-vesnice-k-mestu\/#breadcrumb\"},\"inLanguage\":\"cs\",\"potentialAction\":[{\"@type\":\"ReadAction\",\"target\":[\"https:\/\/urbansvinov.ostrava.cz\/index.php\/od-vesnice-k-mestu\/\"]}]},{\"@type\":\"ImageObject\",\"inLanguage\":\"cs\",\"@id\":\"https:\/\/urbansvinov.ostrava.cz\/index.php\/od-vesnice-k-mestu\/#primaryimage\",\"url\":\"https:\/\/urbansvinov.ostrava.cz\/wp-content\/uploads\/2020\/09\/od-vesnice-k-mestu-1.jpg\",\"contentUrl\":\"https:\/\/urbansvinov.ostrava.cz\/wp-content\/uploads\/2020\/09\/od-vesnice-k-mestu-1.jpg\",\"width\":1554,\"height\":1097},{\"@type\":\"BreadcrumbList\",\"@id\":\"https:\/\/urbansvinov.ostrava.cz\/index.php\/od-vesnice-k-mestu\/#breadcrumb\",\"itemListElement\":[{\"@type\":\"ListItem\",\"position\":1,\"name\":\"Dom\u016f\",\"item\":\"https:\/\/urbansvinov.ostrava.cz\/\"},{\"@type\":\"ListItem\",\"position\":2,\"name\":\"Od vesnice k m\u011bstu\"}]},{\"@type\":\"WebSite\",\"@id\":\"https:\/\/urbansvinov.ostrava.cz\/#website\",\"url\":\"https:\/\/urbansvinov.ostrava.cz\/\",\"name\":\"Prezentace prac\u00ed student\u016f V\u0160B\",\"description\":\"Prezentace prac\u00ed student\u016f V\u0160B\",\"potentialAction\":[{\"@type\":\"SearchAction\",\"target\":{\"@type\":\"EntryPoint\",\"urlTemplate\":\"https:\/\/urbansvinov.ostrava.cz\/?s={search_term_string}\"},\"query-input\":{\"@type\":\"PropertyValueSpecification\",\"valueRequired\":true,\"valueName\":\"search_term_string\"}}],\"inLanguage\":\"cs\"}]}<\/script>\n<!-- \/ Yoast SEO plugin. -->","yoast_head_json":{"title":"Od vesnice k m\u011bstu - Prezentace prac\u00ed student\u016f V\u0160B","robots":{"index":"index","follow":"follow","max-snippet":"max-snippet:-1","max-image-preview":"max-image-preview:large","max-video-preview":"max-video-preview:-1"},"canonical":"https:\/\/urbansvinov.ostrava.cz\/index.php\/od-vesnice-k-mestu\/","og_locale":"cs_CZ","og_type":"article","og_title":"Od vesnice k m\u011bstu - Prezentace prac\u00ed student\u016f V\u0160B","og_description":"P\u0158EDM\u011aTEM ZPRACOV\u00c1N\u00cd \u00daZEMN\u00cd STUDIE JE N\u00c1VRH DOSTAVBY PLOCH POD\u00c9L ULICE[ ... ]","og_url":"https:\/\/urbansvinov.ostrava.cz\/index.php\/od-vesnice-k-mestu\/","og_site_name":"Prezentace prac\u00ed student\u016f V\u0160B","article_modified_time":"2020-09-23T05:26:11+00:00","og_image":[{"width":1554,"height":1097,"url":"https:\/\/urbansvinov.ostrava.cz\/wp-content\/uploads\/2020\/09\/od-vesnice-k-mestu-1.jpg","type":"image\/jpeg"}],"twitter_card":"summary_large_image","twitter_misc":{"Odhadovan\u00e1 doba \u010dten\u00ed":"1 minuta"},"schema":{"@context":"https:\/\/schema.org","@graph":[{"@type":"WebPage","@id":"https:\/\/urbansvinov.ostrava.cz\/index.php\/od-vesnice-k-mestu\/","url":"https:\/\/urbansvinov.ostrava.cz\/index.php\/od-vesnice-k-mestu\/","name":"Od vesnice k m\u011bstu - Prezentace prac\u00ed student\u016f V\u0160B","isPartOf":{"@id":"https:\/\/urbansvinov.ostrava.cz\/#website"},"primaryImageOfPage":{"@id":"https:\/\/urbansvinov.ostrava.cz\/index.php\/od-vesnice-k-mestu\/#primaryimage"},"image":{"@id":"https:\/\/urbansvinov.ostrava.cz\/index.php\/od-vesnice-k-mestu\/#primaryimage"},"thumbnailUrl":"https:\/\/urbansvinov.ostrava.cz\/wp-content\/uploads\/2020\/09\/od-vesnice-k-mestu-1.jpg","datePublished":"2020-09-08T07:43:46+00:00","dateModified":"2020-09-23T05:26:11+00:00","breadcrumb":{"@id":"https:\/\/urbansvinov.ostrava.cz\/index.php\/od-vesnice-k-mestu\/#breadcrumb"},"inLanguage":"cs","potentialAction":[{"@type":"ReadAction","target":["https:\/\/urbansvinov.ostrava.cz\/index.php\/od-vesnice-k-mestu\/"]}]},{"@type":"ImageObject","inLanguage":"cs","@id":"https:\/\/urbansvinov.ostrava.cz\/index.php\/od-vesnice-k-mestu\/#primaryimage","url":"https:\/\/urbansvinov.ostrava.cz\/wp-content\/uploads\/2020\/09\/od-vesnice-k-mestu-1.jpg","contentUrl":"https:\/\/urbansvinov.ostrava.cz\/wp-content\/uploads\/2020\/09\/od-vesnice-k-mestu-1.jpg","width":1554,"height":1097},{"@type":"BreadcrumbList","@id":"https:\/\/urbansvinov.ostrava.cz\/index.php\/od-vesnice-k-mestu\/#breadcrumb","itemListElement":[{"@type":"ListItem","position":1,"name":"Dom\u016f","item":"https:\/\/urbansvinov.ostrava.cz\/"},{"@type":"ListItem","position":2,"name":"Od vesnice k m\u011bstu"}]},{"@type":"WebSite","@id":"https:\/\/urbansvinov.ostrava.cz\/#website","url":"https:\/\/urbansvinov.ostrava.cz\/","name":"Prezentace prac\u00ed student\u016f V\u0160B","description":"Prezentace prac\u00ed student\u016f V\u0160B","potentialAction":[{"@type":"SearchAction","target":{"@type":"EntryPoint","urlTemplate":"https:\/\/urbansvinov.ostrava.cz\/?s={search_term_string}"},"query-input":{"@type":"PropertyValueSpecification","valueRequired":true,"valueName":"search_term_string"}}],"inLanguage":"cs"}]}},"_links":{"self":[{"href":"https:\/\/urbansvinov.ostrava.cz\/index.php\/wp-json\/wp\/v2\/pages\/44","targetHints":{"allow":["GET"]}}],"collection":[{"href":"https:\/\/urbansvinov.ostrava.cz\/index.php\/wp-json\/wp\/v2\/pages"}],"about":[{"href":"https:\/\/urbansvinov.ostrava.cz\/index.php\/wp-json\/wp\/v2\/types\/page"}],"author":[{"embeddable":true,"href":"https:\/\/urbansvinov.ostrava.cz\/index.php\/wp-json\/wp\/v2\/users\/2"}],"replies":[{"embeddable":true,"href":"https:\/\/urbansvinov.ostrava.cz\/index.php\/wp-json\/wp\/v2\/comments?post=44"}],"version-history":[{"count":36,"href":"https:\/\/urbansvinov.ostrava.cz\/index.php\/wp-json\/wp\/v2\/pages\/44\/revisions"}],"predecessor-version":[{"id":233,"href":"https:\/\/urbansvinov.ostrava.cz\/index.php\/wp-json\/wp\/v2\/pages\/44\/revisions\/233"}],"wp:featuredmedia":[{"embeddable":true,"href":"https:\/\/urbansvinov.ostrava.cz\/index.php\/wp-json\/wp\/v2\/media\/45"}],"wp:attachment":[{"href":"https:\/\/urbansvinov.ostrava.cz\/index.php\/wp-json\/wp\/v2\/media?parent=44"}],"curies":[{"name":"wp","href":"https:\/\/api.w.org\/{rel}","templated":true}]}}