{"id":41,"date":"2020-09-08T07:41:46","date_gmt":"2020-09-08T07:41:46","guid":{"rendered":"https:\/\/urbansvinov.ostrava.cz\/\/?page_id=41"},"modified":"2020-09-23T05:23:48","modified_gmt":"2020-09-23T05:23:48","slug":"svinov-na-rozmezi","status":"publish","type":"page","link":"https:\/\/urbansvinov.ostrava.cz\/index.php\/svinov-na-rozmezi\/","title":{"rendered":"Svinov na rozmez\u00ed"},"content":{"rendered":"\n<p>P\u0158EDM\u011aTEM ZPRACOV\u00c1N\u00cd \u00daZEMN\u00cd STUDIE BYLO VY\u0158E\u0160EN\u00cd REZERVY V KATASTR\u00c1LN\u00cdM \u00daZEM\u00cd SVINOVA NA POMEZ\u00cd S KATASTR\u00c1LN\u00cdM \u00daZEM\u00cdM PORUBY. LOKALITA M\u00c1 PERFEKTN\u00cd DOPRAVN\u00cd DOSTUPNOST A JE CHYB\u011aJ\u00cdC\u00cdM \u010cL\u00c1NKEM, KTER\u00dd M\u00c1 POTENCI\u00c1L PROPOJIT DV\u011a \u010c\u00c1STI M\u011aSTA. VOLN\u00c1 PLOCHA SE SKL\u00c1D\u00c1 Z R\u016eZN\u00ddCH POZEMK\u016e, KTER\u00c9 JSOU VE VLASTNICTV\u00cd FYZICK\u00ddCH OSOB, PR\u00c1VNICK\u00ddCH OSOB, TAK I STATU\u00adT\u00c1RN\u00cdHO M\u011aSTA OSTRAVY. Z V\u00ddSLEDN\u00c9 STUDIE BY M\u011aL VZEJ\u00cdT ZP\u016eSOB, JAK TUTO NEZASTAV\u011aNOU PLOCHU ZASTAV\u011aT A STUDIE BY M\u011aLA TAK\u00c9 ODPOV\u011aD\u011aT NA OT\u00c1ZKU ZAKON\u010cEN\u00cd OSY HLAVN\u00cd T\u0158\u00cdDY A \u0158E\u0160EN\u00cd P\u0158ECHODU Z\u00c1STAVBY, P\u0158EV\u00c1\u017dN\u011a INDIVIDU\u00c1LN\u00cdHO BYDLEN\u00cd, NA Z\u00c1STAVBU M\u011aSTSK\u00c9HO TYPU.<\/p>\n\n\n\n<div class=\"wp-block-file\">Pln\u00e9 zn\u011bn\u00ed ro\u010dn\u00edkov\u00e9 pr\u00e1ce: <a href=\"\/wp-content\/themes\/masonry-child\/files\/Elaborat_Puszkar.pdf\" class=\"wp-block-file__button\" download=\"\">Svinov na rozmez\u00ed<\/a><\/div>\n","protected":false},"excerpt":{"rendered":"<p>P\u0158EDM\u011aTEM ZPRACOV\u00c1N\u00cd \u00daZEMN\u00cd STUDIE BYLO VY\u0158E\u0160EN\u00cd REZERVY V KATASTR\u00c1LN\u00cdM \u00daZEM\u00cd<span class=\"more-dots\"><a href=\"https:\/\/urbansvinov.ostrava.cz\/index.php\/svinov-na-rozmezi\/\">[ &#8230; ]<\/span><\/a><\/p>\n","protected":false},"author":2,"featured_media":42,"parent":0,"menu_order":0,"comment_status":"closed","ping_status":"closed","template":"","meta":{"_acf_changed":false,"footnotes":""},"class_list":["post-41","page","type-page","status-publish","has-post-thumbnail","hentry"],"acf":[],"yoast_head":"<!-- This site is optimized with the Yoast SEO plugin v24.1 - https:\/\/yoast.com\/wordpress\/plugins\/seo\/ -->\n<title>Svinov na rozmez\u00ed - Prezentace prac\u00ed student\u016f V\u0160B<\/title>\n<meta name=\"robots\" content=\"index, follow, max-snippet:-1, max-image-preview:large, max-video-preview:-1\" \/>\n<link rel=\"canonical\" href=\"https:\/\/urbansvinov.ostrava.cz\/index.php\/svinov-na-rozmezi\/\" \/>\n<meta property=\"og:locale\" content=\"cs_CZ\" \/>\n<meta property=\"og:type\" content=\"article\" \/>\n<meta property=\"og:title\" content=\"Svinov na rozmez\u00ed - Prezentace prac\u00ed student\u016f V\u0160B\" \/>\n<meta property=\"og:description\" content=\"P\u0158EDM\u011aTEM ZPRACOV\u00c1N\u00cd \u00daZEMN\u00cd STUDIE BYLO VY\u0158E\u0160EN\u00cd REZERVY V KATASTR\u00c1LN\u00cdM \u00daZEM\u00cd[ ... ]\" \/>\n<meta property=\"og:url\" content=\"https:\/\/urbansvinov.ostrava.cz\/index.php\/svinov-na-rozmezi\/\" \/>\n<meta property=\"og:site_name\" content=\"Prezentace prac\u00ed student\u016f V\u0160B\" \/>\n<meta property=\"article:modified_time\" content=\"2020-09-23T05:23:48+00:00\" \/>\n<meta property=\"og:image\" content=\"https:\/\/urbansvinov.ostrava.cz\/wp-content\/uploads\/2020\/09\/svinov-na-rozmezi-1.jpg\" \/>\n\t<meta property=\"og:image:width\" content=\"1557\" \/>\n\t<meta property=\"og:image:height\" content=\"1097\" \/>\n\t<meta property=\"og:image:type\" content=\"image\/jpeg\" \/>\n<meta name=\"twitter:card\" content=\"summary_large_image\" \/>\n<meta name=\"twitter:label1\" content=\"Odhadovan\u00e1 doba \u010dten\u00ed\" \/>\n\t<meta name=\"twitter:data1\" content=\"1 minuta\" \/>\n<script type=\"application\/ld+json\" class=\"yoast-schema-graph\">{\"@context\":\"https:\/\/schema.org\",\"@graph\":[{\"@type\":\"WebPage\",\"@id\":\"https:\/\/urbansvinov.ostrava.cz\/index.php\/svinov-na-rozmezi\/\",\"url\":\"https:\/\/urbansvinov.ostrava.cz\/index.php\/svinov-na-rozmezi\/\",\"name\":\"Svinov na rozmez\u00ed - Prezentace prac\u00ed student\u016f V\u0160B\",\"isPartOf\":{\"@id\":\"https:\/\/urbansvinov.ostrava.cz\/#website\"},\"primaryImageOfPage\":{\"@id\":\"https:\/\/urbansvinov.ostrava.cz\/index.php\/svinov-na-rozmezi\/#primaryimage\"},\"image\":{\"@id\":\"https:\/\/urbansvinov.ostrava.cz\/index.php\/svinov-na-rozmezi\/#primaryimage\"},\"thumbnailUrl\":\"https:\/\/urbansvinov.ostrava.cz\/wp-content\/uploads\/2020\/09\/svinov-na-rozmezi-1.jpg\",\"datePublished\":\"2020-09-08T07:41:46+00:00\",\"dateModified\":\"2020-09-23T05:23:48+00:00\",\"breadcrumb\":{\"@id\":\"https:\/\/urbansvinov.ostrava.cz\/index.php\/svinov-na-rozmezi\/#breadcrumb\"},\"inLanguage\":\"cs\",\"potentialAction\":[{\"@type\":\"ReadAction\",\"target\":[\"https:\/\/urbansvinov.ostrava.cz\/index.php\/svinov-na-rozmezi\/\"]}]},{\"@type\":\"ImageObject\",\"inLanguage\":\"cs\",\"@id\":\"https:\/\/urbansvinov.ostrava.cz\/index.php\/svinov-na-rozmezi\/#primaryimage\",\"url\":\"https:\/\/urbansvinov.ostrava.cz\/wp-content\/uploads\/2020\/09\/svinov-na-rozmezi-1.jpg\",\"contentUrl\":\"https:\/\/urbansvinov.ostrava.cz\/wp-content\/uploads\/2020\/09\/svinov-na-rozmezi-1.jpg\",\"width\":1557,\"height\":1097},{\"@type\":\"BreadcrumbList\",\"@id\":\"https:\/\/urbansvinov.ostrava.cz\/index.php\/svinov-na-rozmezi\/#breadcrumb\",\"itemListElement\":[{\"@type\":\"ListItem\",\"position\":1,\"name\":\"Dom\u016f\",\"item\":\"https:\/\/urbansvinov.ostrava.cz\/\"},{\"@type\":\"ListItem\",\"position\":2,\"name\":\"Svinov na rozmez\u00ed\"}]},{\"@type\":\"WebSite\",\"@id\":\"https:\/\/urbansvinov.ostrava.cz\/#website\",\"url\":\"https:\/\/urbansvinov.ostrava.cz\/\",\"name\":\"Prezentace prac\u00ed student\u016f V\u0160B\",\"description\":\"Prezentace prac\u00ed student\u016f V\u0160B\",\"potentialAction\":[{\"@type\":\"SearchAction\",\"target\":{\"@type\":\"EntryPoint\",\"urlTemplate\":\"https:\/\/urbansvinov.ostrava.cz\/?s={search_term_string}\"},\"query-input\":{\"@type\":\"PropertyValueSpecification\",\"valueRequired\":true,\"valueName\":\"search_term_string\"}}],\"inLanguage\":\"cs\"}]}<\/script>\n<!-- \/ Yoast SEO plugin. -->","yoast_head_json":{"title":"Svinov na rozmez\u00ed - Prezentace prac\u00ed student\u016f V\u0160B","robots":{"index":"index","follow":"follow","max-snippet":"max-snippet:-1","max-image-preview":"max-image-preview:large","max-video-preview":"max-video-preview:-1"},"canonical":"https:\/\/urbansvinov.ostrava.cz\/index.php\/svinov-na-rozmezi\/","og_locale":"cs_CZ","og_type":"article","og_title":"Svinov na rozmez\u00ed - Prezentace prac\u00ed student\u016f V\u0160B","og_description":"P\u0158EDM\u011aTEM ZPRACOV\u00c1N\u00cd \u00daZEMN\u00cd STUDIE BYLO VY\u0158E\u0160EN\u00cd REZERVY V KATASTR\u00c1LN\u00cdM \u00daZEM\u00cd[ ... ]","og_url":"https:\/\/urbansvinov.ostrava.cz\/index.php\/svinov-na-rozmezi\/","og_site_name":"Prezentace prac\u00ed student\u016f V\u0160B","article_modified_time":"2020-09-23T05:23:48+00:00","og_image":[{"width":1557,"height":1097,"url":"https:\/\/urbansvinov.ostrava.cz\/wp-content\/uploads\/2020\/09\/svinov-na-rozmezi-1.jpg","type":"image\/jpeg"}],"twitter_card":"summary_large_image","twitter_misc":{"Odhadovan\u00e1 doba \u010dten\u00ed":"1 minuta"},"schema":{"@context":"https:\/\/schema.org","@graph":[{"@type":"WebPage","@id":"https:\/\/urbansvinov.ostrava.cz\/index.php\/svinov-na-rozmezi\/","url":"https:\/\/urbansvinov.ostrava.cz\/index.php\/svinov-na-rozmezi\/","name":"Svinov na rozmez\u00ed - Prezentace prac\u00ed student\u016f V\u0160B","isPartOf":{"@id":"https:\/\/urbansvinov.ostrava.cz\/#website"},"primaryImageOfPage":{"@id":"https:\/\/urbansvinov.ostrava.cz\/index.php\/svinov-na-rozmezi\/#primaryimage"},"image":{"@id":"https:\/\/urbansvinov.ostrava.cz\/index.php\/svinov-na-rozmezi\/#primaryimage"},"thumbnailUrl":"https:\/\/urbansvinov.ostrava.cz\/wp-content\/uploads\/2020\/09\/svinov-na-rozmezi-1.jpg","datePublished":"2020-09-08T07:41:46+00:00","dateModified":"2020-09-23T05:23:48+00:00","breadcrumb":{"@id":"https:\/\/urbansvinov.ostrava.cz\/index.php\/svinov-na-rozmezi\/#breadcrumb"},"inLanguage":"cs","potentialAction":[{"@type":"ReadAction","target":["https:\/\/urbansvinov.ostrava.cz\/index.php\/svinov-na-rozmezi\/"]}]},{"@type":"ImageObject","inLanguage":"cs","@id":"https:\/\/urbansvinov.ostrava.cz\/index.php\/svinov-na-rozmezi\/#primaryimage","url":"https:\/\/urbansvinov.ostrava.cz\/wp-content\/uploads\/2020\/09\/svinov-na-rozmezi-1.jpg","contentUrl":"https:\/\/urbansvinov.ostrava.cz\/wp-content\/uploads\/2020\/09\/svinov-na-rozmezi-1.jpg","width":1557,"height":1097},{"@type":"BreadcrumbList","@id":"https:\/\/urbansvinov.ostrava.cz\/index.php\/svinov-na-rozmezi\/#breadcrumb","itemListElement":[{"@type":"ListItem","position":1,"name":"Dom\u016f","item":"https:\/\/urbansvinov.ostrava.cz\/"},{"@type":"ListItem","position":2,"name":"Svinov na rozmez\u00ed"}]},{"@type":"WebSite","@id":"https:\/\/urbansvinov.ostrava.cz\/#website","url":"https:\/\/urbansvinov.ostrava.cz\/","name":"Prezentace prac\u00ed student\u016f V\u0160B","description":"Prezentace prac\u00ed student\u016f V\u0160B","potentialAction":[{"@type":"SearchAction","target":{"@type":"EntryPoint","urlTemplate":"https:\/\/urbansvinov.ostrava.cz\/?s={search_term_string}"},"query-input":{"@type":"PropertyValueSpecification","valueRequired":true,"valueName":"search_term_string"}}],"inLanguage":"cs"}]}},"_links":{"self":[{"href":"https:\/\/urbansvinov.ostrava.cz\/index.php\/wp-json\/wp\/v2\/pages\/41","targetHints":{"allow":["GET"]}}],"collection":[{"href":"https:\/\/urbansvinov.ostrava.cz\/index.php\/wp-json\/wp\/v2\/pages"}],"about":[{"href":"https:\/\/urbansvinov.ostrava.cz\/index.php\/wp-json\/wp\/v2\/types\/page"}],"author":[{"embeddable":true,"href":"https:\/\/urbansvinov.ostrava.cz\/index.php\/wp-json\/wp\/v2\/users\/2"}],"replies":[{"embeddable":true,"href":"https:\/\/urbansvinov.ostrava.cz\/index.php\/wp-json\/wp\/v2\/comments?post=41"}],"version-history":[{"count":11,"href":"https:\/\/urbansvinov.ostrava.cz\/index.php\/wp-json\/wp\/v2\/pages\/41\/revisions"}],"predecessor-version":[{"id":229,"href":"https:\/\/urbansvinov.ostrava.cz\/index.php\/wp-json\/wp\/v2\/pages\/41\/revisions\/229"}],"wp:featuredmedia":[{"embeddable":true,"href":"https:\/\/urbansvinov.ostrava.cz\/index.php\/wp-json\/wp\/v2\/media\/42"}],"wp:attachment":[{"href":"https:\/\/urbansvinov.ostrava.cz\/index.php\/wp-json\/wp\/v2\/media?parent=41"}],"curies":[{"name":"wp","href":"https:\/\/api.w.org\/{rel}","templated":true}]}}