{"id":14,"date":"2020-09-07T12:16:24","date_gmt":"2020-09-07T12:16:24","guid":{"rendered":"https:\/\/urbansvinov.ostrava.cz\/\/?page_id=14"},"modified":"2020-09-16T11:16:40","modified_gmt":"2020-09-16T11:16:40","slug":"vize-rozvoje-svinova-ocima-budoucich-architektu","status":"publish","type":"page","link":"https:\/\/urbansvinov.ostrava.cz\/","title":{"rendered":"VIZE ROZVOJE SVINOVA O\u010cIMA BUDOUC\u00cdCH ARCHITEKT\u016e"},"content":{"rendered":"\n<p>PL\u00c1NOV\u00c1N\u00cd ROZVOJE M\u011aSTA JAKO \u017dIV\u00c9HO A R\u016eZNOROD\u00c9HO SYST\u00c9MU JE PRAC\u00cd DLOUHODOBOU A&nbsp;V&nbsp;Z\u00c1SAD\u011a NEKON\u010c\u00cdC\u00cd. OSTRAVA M\u00c1 K DISPOZICI \u0158ADU N\u00c1STROJ\u016e, KTER\u00c9 KE KOORDINACI SV\u00c9 BUDOUC\u00cd PODOBY VYU\u017d\u00cdV\u00c1. STRANOU NECHT\u011aJ\u00cd Z\u016eSTAT ANI JEDNOTLIV\u00c9 M\u011aSTSK\u00c9 OBVODY, KTER\u00c9&nbsp;SPRAVUJ\u00cd V\u011aT\u0160INU POZEMK\u016e A REALIZUJ\u00cd MNOH\u00c9 INVESTI\u010cN\u00cd PROJEKTY.<\/p>\n\n\n\n<p>M\u011aSTSK\u00dd OBVOD SVINOV SE PROTO PROST\u0158EDNICTV\u00cdM SV\u00c9 KOMISE INVESTI\u010cN\u00cd, GRANTOV\u00c9 A&nbsp;V\u00ddSTAVBY ROZHODL OSLOVIT KATEDRU ARCHITEKTURY STAVEBN\u00cd FAKULTY V\u0160B-TUO. \u00daKOLEM SPOLE\u010cN\u00c9 STUDENTSK\u00c9 PR\u00c1CE ZPRACOVAN\u00c9 POD VEDEN\u00cdM DOC. ING. ARCH. EVY \u0160PA\u010cKOV\u00c9, PH.D., BYLO ANALYZOVAT \u00daZEM\u00cd OBVODU, STANOVIT HRANICI ZASTAVITELN\u00c9HO \u00daZEM\u00cd A V JEHO R\u00c1MCI VYTIPOVAT PLOCHY, KTER\u00c9 JE MO\u017dN\u00c9 V BUDOUCNU ROZV\u00cdJET. D\u00c1LE SE STUDENTI V SAMOSTATN\u00ddCH PROJEKTECH V\u011aNOVALI VYBRAN\u00ddM \u00daZEM\u00cdM, PRO KTER\u00c9 ZPRACOVALI N\u00c1VRHY JEJICH BUDOUC\u00cdHO ROZVOJE.<\/p>\n\n\n\n<p>JESTLI\u017dE JE ANAL\u00ddZA CEL\u00c9HO \u00daZEM\u00cd PRAKTICK\u00ddM N\u00c1STROJEM DAL\u0160\u00cdHO ROZVOJE, PROJEKTY PRO JEDNOTLIV\u00c1 \u00daZEM\u00cd JSOU SP\u00cd\u0160E INSPIRA\u010cN\u00cd A PODN\u011aTN\u00c9. M\u011aLY BY POUK\u00c1ZAT NA MO\u017dNOSTI A V\u00c9ST K DAL\u0160\u00cdMU P\u0158EM\u00dd\u0160LEN\u00cd, NA KTER\u00c9 INVESTI\u010cN\u00cd Z\u00c1M\u011aRY UP\u0158\u00cdT POZORNOST A KTER\u00c1 M\u00cdSTA PROM\u011aNIT. DETAILN\u00cd \u0158E\u0160EN\u00cd JE PAK \u00daKOLEM PRO DAL\u0160\u00cd ARCHITEKTY A PROJEKTANTY.<\/p>\n","protected":false},"excerpt":{"rendered":"<p>PL\u00c1NOV\u00c1N\u00cd ROZVOJE M\u011aSTA JAKO \u017dIV\u00c9HO A R\u016eZNOROD\u00c9HO SYST\u00c9MU JE PRAC\u00cd<span class=\"more-dots\"><a href=\"https:\/\/urbansvinov.ostrava.cz\/\">[ &#8230; ]<\/span><\/a><\/p>\n","protected":false},"author":2,"featured_media":0,"parent":0,"menu_order":0,"comment_status":"closed","ping_status":"closed","template":"","meta":{"_acf_changed":false,"footnotes":""},"class_list":["post-14","page","type-page","status-publish","hentry"],"acf":[],"yoast_head":"<!-- This site is optimized with the Yoast SEO plugin v24.1 - https:\/\/yoast.com\/wordpress\/plugins\/seo\/ -->\n<title>VIZE ROZVOJE SVINOVA O\u010cIMA BUDOUC\u00cdCH ARCHITEKT\u016e - Prezentace prac\u00ed student\u016f V\u0160B<\/title>\n<meta name=\"robots\" content=\"index, follow, max-snippet:-1, max-image-preview:large, max-video-preview:-1\" \/>\n<link rel=\"canonical\" href=\"https:\/\/urbansvinov.ostrava.cz\/\" \/>\n<meta property=\"og:locale\" content=\"cs_CZ\" \/>\n<meta property=\"og:type\" content=\"article\" \/>\n<meta property=\"og:title\" content=\"VIZE ROZVOJE SVINOVA O\u010cIMA BUDOUC\u00cdCH ARCHITEKT\u016e - Prezentace prac\u00ed student\u016f V\u0160B\" \/>\n<meta property=\"og:description\" content=\"PL\u00c1NOV\u00c1N\u00cd ROZVOJE M\u011aSTA JAKO \u017dIV\u00c9HO A R\u016eZNOROD\u00c9HO SYST\u00c9MU JE PRAC\u00cd[ ... ]\" \/>\n<meta property=\"og:url\" content=\"https:\/\/urbansvinov.ostrava.cz\/\" \/>\n<meta property=\"og:site_name\" content=\"Prezentace prac\u00ed student\u016f V\u0160B\" \/>\n<meta property=\"article:modified_time\" content=\"2020-09-16T11:16:40+00:00\" \/>\n<meta name=\"twitter:card\" content=\"summary_large_image\" \/>\n<meta name=\"twitter:label1\" content=\"Odhadovan\u00e1 doba \u010dten\u00ed\" \/>\n\t<meta name=\"twitter:data1\" content=\"1 minuta\" \/>\n<script type=\"application\/ld+json\" class=\"yoast-schema-graph\">{\"@context\":\"https:\/\/schema.org\",\"@graph\":[{\"@type\":\"WebPage\",\"@id\":\"https:\/\/urbansvinov.ostrava.cz\/\",\"url\":\"https:\/\/urbansvinov.ostrava.cz\/\",\"name\":\"VIZE ROZVOJE SVINOVA O\u010cIMA BUDOUC\u00cdCH ARCHITEKT\u016e - Prezentace prac\u00ed student\u016f V\u0160B\",\"isPartOf\":{\"@id\":\"https:\/\/urbansvinov.ostrava.cz\/#website\"},\"datePublished\":\"2020-09-07T12:16:24+00:00\",\"dateModified\":\"2020-09-16T11:16:40+00:00\",\"breadcrumb\":{\"@id\":\"https:\/\/urbansvinov.ostrava.cz\/#breadcrumb\"},\"inLanguage\":\"cs\",\"potentialAction\":[{\"@type\":\"ReadAction\",\"target\":[\"https:\/\/urbansvinov.ostrava.cz\/\"]}]},{\"@type\":\"BreadcrumbList\",\"@id\":\"https:\/\/urbansvinov.ostrava.cz\/#breadcrumb\",\"itemListElement\":[{\"@type\":\"ListItem\",\"position\":1,\"name\":\"Dom\u016f\",\"item\":\"https:\/\/urbansvinov.ostrava.cz\/\"},{\"@type\":\"ListItem\",\"position\":2,\"name\":\"VIZE ROZVOJE SVINOVA O\u010cIMA BUDOUC\u00cdCH ARCHITEKT\u016e\"}]},{\"@type\":\"WebSite\",\"@id\":\"https:\/\/urbansvinov.ostrava.cz\/#website\",\"url\":\"https:\/\/urbansvinov.ostrava.cz\/\",\"name\":\"Prezentace prac\u00ed student\u016f V\u0160B\",\"description\":\"Prezentace prac\u00ed student\u016f V\u0160B\",\"potentialAction\":[{\"@type\":\"SearchAction\",\"target\":{\"@type\":\"EntryPoint\",\"urlTemplate\":\"https:\/\/urbansvinov.ostrava.cz\/?s={search_term_string}\"},\"query-input\":{\"@type\":\"PropertyValueSpecification\",\"valueRequired\":true,\"valueName\":\"search_term_string\"}}],\"inLanguage\":\"cs\"}]}<\/script>\n<!-- \/ Yoast SEO plugin. -->","yoast_head_json":{"title":"VIZE ROZVOJE SVINOVA O\u010cIMA BUDOUC\u00cdCH ARCHITEKT\u016e - Prezentace prac\u00ed student\u016f V\u0160B","robots":{"index":"index","follow":"follow","max-snippet":"max-snippet:-1","max-image-preview":"max-image-preview:large","max-video-preview":"max-video-preview:-1"},"canonical":"https:\/\/urbansvinov.ostrava.cz\/","og_locale":"cs_CZ","og_type":"article","og_title":"VIZE ROZVOJE SVINOVA O\u010cIMA BUDOUC\u00cdCH ARCHITEKT\u016e - Prezentace prac\u00ed student\u016f V\u0160B","og_description":"PL\u00c1NOV\u00c1N\u00cd ROZVOJE M\u011aSTA JAKO \u017dIV\u00c9HO A R\u016eZNOROD\u00c9HO SYST\u00c9MU JE PRAC\u00cd[ ... ]","og_url":"https:\/\/urbansvinov.ostrava.cz\/","og_site_name":"Prezentace prac\u00ed student\u016f V\u0160B","article_modified_time":"2020-09-16T11:16:40+00:00","twitter_card":"summary_large_image","twitter_misc":{"Odhadovan\u00e1 doba \u010dten\u00ed":"1 minuta"},"schema":{"@context":"https:\/\/schema.org","@graph":[{"@type":"WebPage","@id":"https:\/\/urbansvinov.ostrava.cz\/","url":"https:\/\/urbansvinov.ostrava.cz\/","name":"VIZE ROZVOJE SVINOVA O\u010cIMA BUDOUC\u00cdCH ARCHITEKT\u016e - Prezentace prac\u00ed student\u016f V\u0160B","isPartOf":{"@id":"https:\/\/urbansvinov.ostrava.cz\/#website"},"datePublished":"2020-09-07T12:16:24+00:00","dateModified":"2020-09-16T11:16:40+00:00","breadcrumb":{"@id":"https:\/\/urbansvinov.ostrava.cz\/#breadcrumb"},"inLanguage":"cs","potentialAction":[{"@type":"ReadAction","target":["https:\/\/urbansvinov.ostrava.cz\/"]}]},{"@type":"BreadcrumbList","@id":"https:\/\/urbansvinov.ostrava.cz\/#breadcrumb","itemListElement":[{"@type":"ListItem","position":1,"name":"Dom\u016f","item":"https:\/\/urbansvinov.ostrava.cz\/"},{"@type":"ListItem","position":2,"name":"VIZE ROZVOJE SVINOVA O\u010cIMA BUDOUC\u00cdCH ARCHITEKT\u016e"}]},{"@type":"WebSite","@id":"https:\/\/urbansvinov.ostrava.cz\/#website","url":"https:\/\/urbansvinov.ostrava.cz\/","name":"Prezentace prac\u00ed student\u016f V\u0160B","description":"Prezentace prac\u00ed student\u016f V\u0160B","potentialAction":[{"@type":"SearchAction","target":{"@type":"EntryPoint","urlTemplate":"https:\/\/urbansvinov.ostrava.cz\/?s={search_term_string}"},"query-input":{"@type":"PropertyValueSpecification","valueRequired":true,"valueName":"search_term_string"}}],"inLanguage":"cs"}]}},"_links":{"self":[{"href":"https:\/\/urbansvinov.ostrava.cz\/index.php\/wp-json\/wp\/v2\/pages\/14","targetHints":{"allow":["GET"]}}],"collection":[{"href":"https:\/\/urbansvinov.ostrava.cz\/index.php\/wp-json\/wp\/v2\/pages"}],"about":[{"href":"https:\/\/urbansvinov.ostrava.cz\/index.php\/wp-json\/wp\/v2\/types\/page"}],"author":[{"embeddable":true,"href":"https:\/\/urbansvinov.ostrava.cz\/index.php\/wp-json\/wp\/v2\/users\/2"}],"replies":[{"embeddable":true,"href":"https:\/\/urbansvinov.ostrava.cz\/index.php\/wp-json\/wp\/v2\/comments?post=14"}],"version-history":[{"count":2,"href":"https:\/\/urbansvinov.ostrava.cz\/index.php\/wp-json\/wp\/v2\/pages\/14\/revisions"}],"predecessor-version":[{"id":68,"href":"https:\/\/urbansvinov.ostrava.cz\/index.php\/wp-json\/wp\/v2\/pages\/14\/revisions\/68"}],"wp:attachment":[{"href":"https:\/\/urbansvinov.ostrava.cz\/index.php\/wp-json\/wp\/v2\/media?parent=14"}],"curies":[{"name":"wp","href":"https:\/\/api.w.org\/{rel}","templated":true}]}}