{"id":12,"date":"2020-09-07T12:14:29","date_gmt":"2020-09-07T12:14:29","guid":{"rendered":"https:\/\/urbansvinov.ostrava.cz\/\/?page_id=12"},"modified":"2020-09-23T05:25:06","modified_gmt":"2020-09-23T05:25:06","slug":"mistni-centrum-a-hrbitovni-cesta","status":"publish","type":"page","link":"https:\/\/urbansvinov.ostrava.cz\/index.php\/mistni-centrum-a-hrbitovni-cesta\/","title":{"rendered":"M\u00edstn\u00ed centrum a h\u0159bitovn\u00ed cesta"},"content":{"rendered":"\n<p>HLAVN\u00cdM P\u0158EDM\u011aTEM T\u00c9TO PR\u00c1CE BYLO VYTVO\u0158EN\u00cd SPOJEN\u00cd PROSTORU M\u00cdSTN\u00cdHO CENTRA V OKOL\u00cd RADNICE, Z\u00c1KLADN\u00cd \u0160KOLY A KOSTELA KRISTA KR\u00c1LE A PROSTORU SVINOVSK\u00c9HO H\u0158BITOVA ZA ULIC\u00cd RUDNOU. PR\u00c1CE JE ROZD\u011aLENA NA MEN\u0160\u00cd CELKY S DETAILN\u011aJ\u0160\u00cdM POPISEM.<\/p>\n\n\n\n<p>\u010c\u00c1ST A SE V\u011aNUJE M\u00cdSTN\u00cdMU CENTRU NA N\u00c1M\u011aST\u00cd KOMUNARD\u016e S RADNIC\u00cd, KOSTELEM KRISTA KR\u00c1LE A OBCHODEM. BYLY UPRAVENY ST\u00c1VAJ\u00cdC\u00cd CESTY V PARKU, KTER\u00dd BYL CELKOV\u011a UPRAVEN TAK, ABY PODPOROVAL VZNIK H\u0158BITOVN\u00cd CESTY SPOJUJ\u00cdC\u00cd TOTO M\u00cdSTO SE H\u0158BITOVEM ALE ABY TAK\u00c9 PODPO\u0158IL VZNIK SPOJEN\u00cd POMOC\u00cd P\u011a\u0160\u00cd ZONY ZA\u010c\u00cdNAJ\u00cdC\u00cd U SVINOVSK\u00c9HO N\u00c1DRA\u017d\u00cd NA NI\u017d SE NAPOJUJE POMOC\u00cd L\u00c1VKY U RADNICE.<\/p>\n\n\n\n<p>\u010c\u00c1ST A 1 JE ZAM\u011a\u0158ENA NA \u00daPRAVU SOU\u010cASN\u00c9 PODOBY K\u0158I\u017dOVATKY, TA BYLA NAHRAZENA NOVOU OKRU\u017dN\u00cd K\u0158I\u017dOVATKOU. NA TUTO K\u0158I\u017dOVATKU NAVAZUJE ULICE B\u00cdLOVECK\u00c1, KTER\u00c1 JE SOU\u010c\u00c1ST\u00cd VE\u0158EJN\u00c9HO PROSTORU M\u00cdSTN\u00cdHO CENTRA A JE DETAILN\u011aJI POPS\u00c1NA V \u010c\u00c1STI A 2. Z\u00c1KLADN\u00cdM N\u00c1M\u011aTEM BYLO ZKLIDN\u011aN\u00cd T\u00c9TO KOMUNIKACE A VYTVO\u0158EN\u00cd ULICE S MALOM\u011aSTSK\u00ddM CHARAKTEREM.<\/p>\n\n\n\n<p>\u010c\u00c1ST B SE V\u011aNUJE P\u0158EKON\u00c1N\u00cd ULICE RUDN\u00c9 V PODOB\u011a PODCHODU PRO P\u011a\u0160\u00cd A CYKLISTY. H\u0158BITOVN\u00cd CESTA ZA\u010c\u00cdNAJ\u00cdC\u00cd U KOSTELA A POKRA\u010cUJ\u00cdC\u00cd P\u0158ES NOVOU OKRU\u017dN\u00cd K\u0158I\u017dOVATKU SM\u011a\u0158UJE DO PROSTORU VYHRAZEN\u00c9HO PRO TENTO PODCHOD A\u017d K NOV\u011a VYBUDOVAN\u00c9MU VSTUPU NA H\u0158BITOV. SOU\u010c\u00c1ST\u00cd TOHOTO PROSTORU JE TAK\u00c9 NOV\u00c1 REZERVN\u00cd PLOCHA.<\/p>\n\n\n\n<div class=\"wp-block-file\">Pln\u00e9 zn\u011bn\u00ed ro\u010dn\u00edkov\u00e9 pr\u00e1ce: <a href=\"\/wp-content\/uploads\/2020\/09\/SVINOV-elaborat-CAPEK.pdf\" class=\"wp-block-file__button\" download>M\u00edstn\u00ed centrum a h\u0159bitovn\u00ed cesta<\/a><\/div>\n\n\n\n<p><\/p>\n","protected":false},"excerpt":{"rendered":"<p>HLAVN\u00cdM P\u0158EDM\u011aTEM T\u00c9TO PR\u00c1CE BYLO VYTVO\u0158EN\u00cd SPOJEN\u00cd PROSTORU M\u00cdSTN\u00cdHO CENTRA<span class=\"more-dots\"><a href=\"https:\/\/urbansvinov.ostrava.cz\/index.php\/mistni-centrum-a-hrbitovni-cesta\/\">[ &#8230; ]<\/span><\/a><\/p>\n","protected":false},"author":2,"featured_media":35,"parent":0,"menu_order":0,"comment_status":"closed","ping_status":"closed","template":"","meta":{"_acf_changed":false,"footnotes":""},"class_list":["post-12","page","type-page","status-publish","has-post-thumbnail","hentry"],"acf":[],"yoast_head":"<!-- This site is optimized with the Yoast SEO plugin v24.1 - https:\/\/yoast.com\/wordpress\/plugins\/seo\/ -->\n<title>M\u00edstn\u00ed centrum a h\u0159bitovn\u00ed cesta - Prezentace prac\u00ed student\u016f V\u0160B<\/title>\n<meta name=\"robots\" content=\"index, follow, max-snippet:-1, max-image-preview:large, max-video-preview:-1\" \/>\n<link rel=\"canonical\" href=\"https:\/\/urbansvinov.ostrava.cz\/index.php\/mistni-centrum-a-hrbitovni-cesta\/\" \/>\n<meta property=\"og:locale\" content=\"cs_CZ\" \/>\n<meta property=\"og:type\" content=\"article\" \/>\n<meta property=\"og:title\" content=\"M\u00edstn\u00ed centrum a h\u0159bitovn\u00ed cesta - Prezentace prac\u00ed student\u016f V\u0160B\" \/>\n<meta property=\"og:description\" content=\"HLAVN\u00cdM P\u0158EDM\u011aTEM T\u00c9TO PR\u00c1CE BYLO VYTVO\u0158EN\u00cd SPOJEN\u00cd PROSTORU M\u00cdSTN\u00cdHO CENTRA[ ... ]\" \/>\n<meta property=\"og:url\" content=\"https:\/\/urbansvinov.ostrava.cz\/index.php\/mistni-centrum-a-hrbitovni-cesta\/\" \/>\n<meta property=\"og:site_name\" content=\"Prezentace prac\u00ed student\u016f V\u0160B\" \/>\n<meta property=\"article:modified_time\" content=\"2020-09-23T05:25:06+00:00\" \/>\n<meta property=\"og:image\" content=\"https:\/\/urbansvinov.ostrava.cz\/wp-content\/uploads\/2020\/09\/mistni-centrum-a-hrbitovni-cesta.jpg\" \/>\n\t<meta property=\"og:image:width\" content=\"1560\" \/>\n\t<meta property=\"og:image:height\" content=\"1109\" \/>\n\t<meta property=\"og:image:type\" content=\"image\/jpeg\" \/>\n<meta name=\"twitter:card\" content=\"summary_large_image\" \/>\n<meta name=\"twitter:label1\" content=\"Odhadovan\u00e1 doba \u010dten\u00ed\" \/>\n\t<meta name=\"twitter:data1\" content=\"1 minuta\" \/>\n<script type=\"application\/ld+json\" class=\"yoast-schema-graph\">{\"@context\":\"https:\/\/schema.org\",\"@graph\":[{\"@type\":\"WebPage\",\"@id\":\"https:\/\/urbansvinov.ostrava.cz\/index.php\/mistni-centrum-a-hrbitovni-cesta\/\",\"url\":\"https:\/\/urbansvinov.ostrava.cz\/index.php\/mistni-centrum-a-hrbitovni-cesta\/\",\"name\":\"M\u00edstn\u00ed centrum a h\u0159bitovn\u00ed cesta - Prezentace prac\u00ed student\u016f V\u0160B\",\"isPartOf\":{\"@id\":\"https:\/\/urbansvinov.ostrava.cz\/#website\"},\"primaryImageOfPage\":{\"@id\":\"https:\/\/urbansvinov.ostrava.cz\/index.php\/mistni-centrum-a-hrbitovni-cesta\/#primaryimage\"},\"image\":{\"@id\":\"https:\/\/urbansvinov.ostrava.cz\/index.php\/mistni-centrum-a-hrbitovni-cesta\/#primaryimage\"},\"thumbnailUrl\":\"https:\/\/urbansvinov.ostrava.cz\/wp-content\/uploads\/2020\/09\/mistni-centrum-a-hrbitovni-cesta.jpg\",\"datePublished\":\"2020-09-07T12:14:29+00:00\",\"dateModified\":\"2020-09-23T05:25:06+00:00\",\"breadcrumb\":{\"@id\":\"https:\/\/urbansvinov.ostrava.cz\/index.php\/mistni-centrum-a-hrbitovni-cesta\/#breadcrumb\"},\"inLanguage\":\"cs\",\"potentialAction\":[{\"@type\":\"ReadAction\",\"target\":[\"https:\/\/urbansvinov.ostrava.cz\/index.php\/mistni-centrum-a-hrbitovni-cesta\/\"]}]},{\"@type\":\"ImageObject\",\"inLanguage\":\"cs\",\"@id\":\"https:\/\/urbansvinov.ostrava.cz\/index.php\/mistni-centrum-a-hrbitovni-cesta\/#primaryimage\",\"url\":\"https:\/\/urbansvinov.ostrava.cz\/wp-content\/uploads\/2020\/09\/mistni-centrum-a-hrbitovni-cesta.jpg\",\"contentUrl\":\"https:\/\/urbansvinov.ostrava.cz\/wp-content\/uploads\/2020\/09\/mistni-centrum-a-hrbitovni-cesta.jpg\",\"width\":1560,\"height\":1109},{\"@type\":\"BreadcrumbList\",\"@id\":\"https:\/\/urbansvinov.ostrava.cz\/index.php\/mistni-centrum-a-hrbitovni-cesta\/#breadcrumb\",\"itemListElement\":[{\"@type\":\"ListItem\",\"position\":1,\"name\":\"Dom\u016f\",\"item\":\"https:\/\/urbansvinov.ostrava.cz\/\"},{\"@type\":\"ListItem\",\"position\":2,\"name\":\"M\u00edstn\u00ed centrum a h\u0159bitovn\u00ed cesta\"}]},{\"@type\":\"WebSite\",\"@id\":\"https:\/\/urbansvinov.ostrava.cz\/#website\",\"url\":\"https:\/\/urbansvinov.ostrava.cz\/\",\"name\":\"Prezentace prac\u00ed student\u016f V\u0160B\",\"description\":\"Prezentace prac\u00ed student\u016f V\u0160B\",\"potentialAction\":[{\"@type\":\"SearchAction\",\"target\":{\"@type\":\"EntryPoint\",\"urlTemplate\":\"https:\/\/urbansvinov.ostrava.cz\/?s={search_term_string}\"},\"query-input\":{\"@type\":\"PropertyValueSpecification\",\"valueRequired\":true,\"valueName\":\"search_term_string\"}}],\"inLanguage\":\"cs\"}]}<\/script>\n<!-- \/ Yoast SEO plugin. -->","yoast_head_json":{"title":"M\u00edstn\u00ed centrum a h\u0159bitovn\u00ed cesta - Prezentace prac\u00ed student\u016f V\u0160B","robots":{"index":"index","follow":"follow","max-snippet":"max-snippet:-1","max-image-preview":"max-image-preview:large","max-video-preview":"max-video-preview:-1"},"canonical":"https:\/\/urbansvinov.ostrava.cz\/index.php\/mistni-centrum-a-hrbitovni-cesta\/","og_locale":"cs_CZ","og_type":"article","og_title":"M\u00edstn\u00ed centrum a h\u0159bitovn\u00ed cesta - Prezentace prac\u00ed student\u016f V\u0160B","og_description":"HLAVN\u00cdM P\u0158EDM\u011aTEM T\u00c9TO PR\u00c1CE BYLO VYTVO\u0158EN\u00cd SPOJEN\u00cd PROSTORU M\u00cdSTN\u00cdHO CENTRA[ ... ]","og_url":"https:\/\/urbansvinov.ostrava.cz\/index.php\/mistni-centrum-a-hrbitovni-cesta\/","og_site_name":"Prezentace prac\u00ed student\u016f V\u0160B","article_modified_time":"2020-09-23T05:25:06+00:00","og_image":[{"width":1560,"height":1109,"url":"https:\/\/urbansvinov.ostrava.cz\/wp-content\/uploads\/2020\/09\/mistni-centrum-a-hrbitovni-cesta.jpg","type":"image\/jpeg"}],"twitter_card":"summary_large_image","twitter_misc":{"Odhadovan\u00e1 doba \u010dten\u00ed":"1 minuta"},"schema":{"@context":"https:\/\/schema.org","@graph":[{"@type":"WebPage","@id":"https:\/\/urbansvinov.ostrava.cz\/index.php\/mistni-centrum-a-hrbitovni-cesta\/","url":"https:\/\/urbansvinov.ostrava.cz\/index.php\/mistni-centrum-a-hrbitovni-cesta\/","name":"M\u00edstn\u00ed centrum a h\u0159bitovn\u00ed cesta - Prezentace prac\u00ed student\u016f V\u0160B","isPartOf":{"@id":"https:\/\/urbansvinov.ostrava.cz\/#website"},"primaryImageOfPage":{"@id":"https:\/\/urbansvinov.ostrava.cz\/index.php\/mistni-centrum-a-hrbitovni-cesta\/#primaryimage"},"image":{"@id":"https:\/\/urbansvinov.ostrava.cz\/index.php\/mistni-centrum-a-hrbitovni-cesta\/#primaryimage"},"thumbnailUrl":"https:\/\/urbansvinov.ostrava.cz\/wp-content\/uploads\/2020\/09\/mistni-centrum-a-hrbitovni-cesta.jpg","datePublished":"2020-09-07T12:14:29+00:00","dateModified":"2020-09-23T05:25:06+00:00","breadcrumb":{"@id":"https:\/\/urbansvinov.ostrava.cz\/index.php\/mistni-centrum-a-hrbitovni-cesta\/#breadcrumb"},"inLanguage":"cs","potentialAction":[{"@type":"ReadAction","target":["https:\/\/urbansvinov.ostrava.cz\/index.php\/mistni-centrum-a-hrbitovni-cesta\/"]}]},{"@type":"ImageObject","inLanguage":"cs","@id":"https:\/\/urbansvinov.ostrava.cz\/index.php\/mistni-centrum-a-hrbitovni-cesta\/#primaryimage","url":"https:\/\/urbansvinov.ostrava.cz\/wp-content\/uploads\/2020\/09\/mistni-centrum-a-hrbitovni-cesta.jpg","contentUrl":"https:\/\/urbansvinov.ostrava.cz\/wp-content\/uploads\/2020\/09\/mistni-centrum-a-hrbitovni-cesta.jpg","width":1560,"height":1109},{"@type":"BreadcrumbList","@id":"https:\/\/urbansvinov.ostrava.cz\/index.php\/mistni-centrum-a-hrbitovni-cesta\/#breadcrumb","itemListElement":[{"@type":"ListItem","position":1,"name":"Dom\u016f","item":"https:\/\/urbansvinov.ostrava.cz\/"},{"@type":"ListItem","position":2,"name":"M\u00edstn\u00ed centrum a h\u0159bitovn\u00ed cesta"}]},{"@type":"WebSite","@id":"https:\/\/urbansvinov.ostrava.cz\/#website","url":"https:\/\/urbansvinov.ostrava.cz\/","name":"Prezentace prac\u00ed student\u016f V\u0160B","description":"Prezentace prac\u00ed student\u016f V\u0160B","potentialAction":[{"@type":"SearchAction","target":{"@type":"EntryPoint","urlTemplate":"https:\/\/urbansvinov.ostrava.cz\/?s={search_term_string}"},"query-input":{"@type":"PropertyValueSpecification","valueRequired":true,"valueName":"search_term_string"}}],"inLanguage":"cs"}]}},"_links":{"self":[{"href":"https:\/\/urbansvinov.ostrava.cz\/index.php\/wp-json\/wp\/v2\/pages\/12","targetHints":{"allow":["GET"]}}],"collection":[{"href":"https:\/\/urbansvinov.ostrava.cz\/index.php\/wp-json\/wp\/v2\/pages"}],"about":[{"href":"https:\/\/urbansvinov.ostrava.cz\/index.php\/wp-json\/wp\/v2\/types\/page"}],"author":[{"embeddable":true,"href":"https:\/\/urbansvinov.ostrava.cz\/index.php\/wp-json\/wp\/v2\/users\/2"}],"replies":[{"embeddable":true,"href":"https:\/\/urbansvinov.ostrava.cz\/index.php\/wp-json\/wp\/v2\/comments?post=12"}],"version-history":[{"count":15,"href":"https:\/\/urbansvinov.ostrava.cz\/index.php\/wp-json\/wp\/v2\/pages\/12\/revisions"}],"predecessor-version":[{"id":231,"href":"https:\/\/urbansvinov.ostrava.cz\/index.php\/wp-json\/wp\/v2\/pages\/12\/revisions\/231"}],"wp:featuredmedia":[{"embeddable":true,"href":"https:\/\/urbansvinov.ostrava.cz\/index.php\/wp-json\/wp\/v2\/media\/35"}],"wp:attachment":[{"href":"https:\/\/urbansvinov.ostrava.cz\/index.php\/wp-json\/wp\/v2\/media?parent=12"}],"curies":[{"name":"wp","href":"https:\/\/api.w.org\/{rel}","templated":true}]}}